{"id":117,"date":"2024-09-30T19:25:08","date_gmt":"2024-09-30T17:25:08","guid":{"rendered":"https:\/\/evapieronova.sk\/?page_id=117"},"modified":"2025-03-17T12:45:27","modified_gmt":"2025-03-17T11:45:27","slug":"bio","status":"publish","type":"page","link":"https:\/\/evapieronova.sk\/en\/bio\/","title":{"rendered":"Bio"},"content":{"rendered":"<div class=\"wp-block-media-text is-stacked-on-mobile\"><figure class=\"wp-block-media-text__media\"><img loading=\"lazy\" decoding=\"async\" width=\"1024\" height=\"573\" src=\"https:\/\/evapieronova.sk\/wp-content\/uploads\/2024\/09\/white-e1727632077748-1024x573.jpg\" alt=\"\" class=\"wp-image-32 size-full\" srcset=\"https:\/\/evapieronova.sk\/wp-content\/uploads\/2024\/09\/white-e1727632077748-1024x573.jpg 1024w, https:\/\/evapieronova.sk\/wp-content\/uploads\/2024\/09\/white-e1727632077748-300x168.jpg 300w, https:\/\/evapieronova.sk\/wp-content\/uploads\/2024\/09\/white-e1727632077748-768x430.jpg 768w, https:\/\/evapieronova.sk\/wp-content\/uploads\/2024\/09\/white-e1727632077748.jpg 1200w\" sizes=\"auto, (max-width: 1024px) 100vw, 1024px\" \/><\/figure><div class=\"wp-block-media-text__content\">\n<p class=\"translation-block\"><strong>Eva Pieronov\u00e1<\/strong> is an opera singer who had the privilege of developing her voice and passion for opera at art schools in \u017dilina, Bansk\u00e1 Bystrica, and Vienna. For her, singing is not just a profession but a lifelong calling. A native of \u017dilina, she had the opportunity to work with exceptional teachers during her studies, who guided her on her path to a professional singing career.<\/p>\n<\/div><\/div>\n\n\n\n<div class=\"wp-block-media-text has-media-on-the-right is-stacked-on-mobile is-image-fill-element\"><div class=\"wp-block-media-text__content\">\n<p class=\"translation-block\">A defining moment in her career came in 2010 when she attended courses in Karlovy Vary. There, her talent was noticed by Italian professor <strong>Antonio Carangelo<\/strong>, a prominent figure in the opera world and a former classmate of the legendary tenor <strong>Luciano Pavarotti<\/strong>. His invitation to study at the <strong>Carangelo Belcanto Academy<\/strong> in Vienna opened the doors to the world of Italian opera tradition. Under his guidance, she mastered the demanding <strong>bel canto<\/strong> technique, renowned for its virtuosity, technical precision, and ability to convey deep emotions.<\/p>\n<\/div><figure class=\"wp-block-media-text__media\"><img loading=\"lazy\" decoding=\"async\" width=\"1024\" height=\"649\" src=\"https:\/\/evapieronova.sk\/wp-content\/uploads\/2024\/09\/green-1024x649.jpg\" alt=\"\" class=\"wp-image-134 size-full\" style=\"object-position:53% 50%\" srcset=\"https:\/\/evapieronova.sk\/wp-content\/uploads\/2024\/09\/green-1024x649.jpg 1024w, https:\/\/evapieronova.sk\/wp-content\/uploads\/2024\/09\/green-300x190.jpg 300w, https:\/\/evapieronova.sk\/wp-content\/uploads\/2024\/09\/green-768x486.jpg 768w, https:\/\/evapieronova.sk\/wp-content\/uploads\/2024\/09\/green.jpg 1200w\" sizes=\"auto, (max-width: 1024px) 100vw, 1024px\" \/><\/figure><\/div>\n\n\n\n<blockquote class=\"wp-block-quote is-layout-flow wp-block-quote-is-layout-flow\">\n<p><br>I see every concert and project as an opportunity to share emotions, passion, and the beauty of opera music. My goal is not only to present classical arias in a traditional way but also to showcase their universality and ability to resonate with those discovering opera for the first time. For me, singing is a language that expresses what words cannot.<\/p>\n<\/blockquote>\n\n\n\n<div style=\"height:19px\" aria-hidden=\"true\" class=\"wp-block-spacer\"><\/div>\n\n\n\n<div class=\"wp-block-columns is-layout-flex wp-container-core-columns-is-layout-28f84493 wp-block-columns-is-layout-flex\">\n<div class=\"wp-block-column is-layout-flow wp-block-column-is-layout-flow\">\n<h4 class=\"wp-block-heading\"><mark style=\"background-color:rgba(0, 0, 0, 0)\" class=\"has-inline-color has-foreground-color\"><strong>Education<\/strong><\/mark><\/h4>\n\n\n\n<div class=\"wp-block-group is-layout-constrained wp-block-group-is-layout-constrained\">\n<p class=\"has-medium-font-size\"><strong>Konzervat\u00f3rium \u017dilina | 2001 &#8211; 2007<\/strong><\/p>\n\n\n\n<p class=\"has-small-font-size\"><em>DisArt - singing<\/em><\/p>\n\n\n\n<p class=\"has-small-font-size\"><em>Under the guidance of: Eva Safon\u010d\u00edkov\u00e1<\/em><\/p>\n<\/div>\n\n\n\n<div class=\"wp-block-group is-layout-constrained wp-block-group-is-layout-constrained\">\n<p class=\"has-medium-font-size\"><strong>The Academy of Arts Banska Bystrica | 2007 - 2010<\/strong><\/p>\n\n\n\n<p class=\"has-small-font-size\"><em>Bachelor (Bc.)<\/em><\/p>\n\n\n\n<p class=\"has-small-font-size\"><em>Under the guidance of: Eva Blahov\u00e1<\/em><\/p>\n\n\n\n<p class=\"has-medium-font-size\"><strong>Carangelo Belcanto Academy | Vienna | 2010 \u2013 2015\u200b<\/strong><\/p>\n<\/div>\n<\/div>\n\n\n\n<div class=\"wp-block-column is-layout-flow wp-block-column-is-layout-flow\">\n<h4 class=\"wp-block-heading\"><strong>Singing competitions<\/strong><\/h4>\n\n\n\n<div class=\"wp-block-group is-layout-constrained wp-block-group-is-layout-constrained\">\n<p>2023&nbsp;&#8211; NY Classical Music Competition (1st prize)<\/p>\n\n\n\n<p>2023&nbsp;&#8211; Virtuoso International Music Award (Silver prize)<\/p>\n\n\n\n<p>2023&nbsp;&#8211; Amadeus International Music Awards (Bronze prize)<\/p>\n\n\n\n<p>2021 &#8211;&nbsp;International Moscow Music Competition (2nd place)<\/p>\n\n\n\n<p>2021 &#8211; Opera Tools Online vocal Competition (Semifinalist)<\/p>\n\n\n\n<p>2019 &#8211; World Music Competition in LaVillavella (Finalist)<\/p>\n\n\n\n<p>2019 &#8211; International Anton Rubinstein Competition in Dusseldorf (4th place)<\/p>\n\n\n\n<p>2019 &#8211; Feurich Competition in Vienna (3rd place)<\/p>\n<\/div>\n<\/div>\n<\/div>\n\n\n\n<div class=\"wp-block-columns is-layout-flex wp-container-core-columns-is-layout-28f84493 wp-block-columns-is-layout-flex\">\n<div class=\"wp-block-column is-layout-flow wp-block-column-is-layout-flow\">\n<h4 class=\"wp-block-heading\"><strong>Projects<\/strong><\/h4>\n\n\n\n<div class=\"wp-block-group is-layout-constrained wp-block-group-is-layout-constrained\">\n<p>Workshops with singer Bo\u017eidar Nikolov (tenor) | Vienna | since 2021<\/p>\n\n\n\n<p>Workshops with Peter Valentovi\u010d (conductor, pianist) | Vienna &amp; Bratislava | 2021<\/p>\n\n\n\n<p>Bohu\u0161 Balko (pianist) | Bratislava | since 2016\u200b<\/p>\n<\/div>\n\n\n\n<p>Miroslav Baloga (violinist) | \u017dilina | since 2024\u200b<\/p>\n<\/div>\n\n\n\n<div class=\"wp-block-column is-layout-flow wp-block-column-is-layout-flow\"><\/div>\n<\/div>\n\n\n\n<div style=\"height:7px\" aria-hidden=\"true\" class=\"wp-block-spacer\"><\/div>","protected":false},"excerpt":{"rendered":"<p>Eva Pieronov\u00e1 je opern\u00e1 spev\u00e1\u010dka, ktor\u00e1 mala to \u0161\u0165astie rozv\u00edja\u0165 svoj hlas a v\u00e1\u0161e\u0148 pre operu na umeleck\u00fdch \u0161kol\u00e1ch v \u017diline, Banskej Bystrici a vo Viedni. Spev pre \u0148u nie je len povolan\u00edm, ale aj \u017eivotn\u00fdm poslan\u00edm. Rod\u00e1\u010dka zo \u017diliny mala po\u010das svojich \u0161t\u00fadi\u00ed mo\u017enos\u0165 pracova\u0165 s v\u00fdnimo\u010dn\u00fdmi pedag\u00f3gmi, ktor\u00ed ju sprev\u00e1dzali na ceste k [&hellip;]<\/p>\n","protected":false},"author":1,"featured_media":0,"parent":0,"menu_order":0,"comment_status":"closed","ping_status":"closed","template":"","meta":{"_monsterinsights_skip_tracking":false,"_monsterinsights_sitenote_active":false,"_monsterinsights_sitenote_note":"","_monsterinsights_sitenote_category":0,"footnotes":""},"class_list":["post-117","page","type-page","status-publish","hentry"],"yoast_head":"<!-- This site is optimized with the Yoast SEO plugin v27.4 - https:\/\/yoast.com\/product\/yoast-seo-wordpress\/ -->\n<title>Bio - Eva Pieronov\u00e1<\/title>\n<meta name=\"robots\" content=\"index, follow, max-snippet:-1, max-image-preview:large, max-video-preview:-1\" \/>\n<link rel=\"canonical\" href=\"https:\/\/evapieronova.sk\/en\/bio\/\" \/>\n<meta property=\"og:locale\" content=\"en_US\" \/>\n<meta property=\"og:type\" content=\"article\" \/>\n<meta property=\"og:title\" content=\"Bio - Eva Pieronov\u00e1\" \/>\n<meta property=\"og:description\" content=\"Eva Pieronov\u00e1 je opern\u00e1 spev\u00e1\u010dka, ktor\u00e1 mala to \u0161\u0165astie rozv\u00edja\u0165 svoj hlas a v\u00e1\u0161e\u0148 pre operu na umeleck\u00fdch \u0161kol\u00e1ch v \u017diline, Banskej Bystrici a vo Viedni. Spev pre \u0148u nie je len povolan\u00edm, ale aj \u017eivotn\u00fdm poslan\u00edm. Rod\u00e1\u010dka zo \u017diliny mala po\u010das svojich \u0161t\u00fadi\u00ed mo\u017enos\u0165 pracova\u0165 s v\u00fdnimo\u010dn\u00fdmi pedag\u00f3gmi, ktor\u00ed ju sprev\u00e1dzali na ceste k [&hellip;]\" \/>\n<meta property=\"og:url\" content=\"https:\/\/evapieronova.sk\/en\/bio\/\" \/>\n<meta property=\"og:site_name\" content=\"Eva Pieronov\u00e1\" \/>\n<meta property=\"article:modified_time\" content=\"2025-03-17T11:45:27+00:00\" \/>\n<meta property=\"og:image\" content=\"https:\/\/evapieronova.sk\/wp-content\/uploads\/2024\/09\/white-e1727632077748.jpg\" \/>\n\t<meta property=\"og:image:width\" content=\"1200\" \/>\n\t<meta property=\"og:image:height\" content=\"672\" \/>\n\t<meta property=\"og:image:type\" content=\"image\/jpeg\" \/>\n<meta name=\"twitter:card\" content=\"summary_large_image\" \/>\n<meta name=\"twitter:label1\" content=\"Est. reading time\" \/>\n\t<meta name=\"twitter:data1\" content=\"2 minutes\" \/>\n<script type=\"application\/ld+json\" class=\"yoast-schema-graph\">{\"@context\":\"https:\\\/\\\/schema.org\",\"@graph\":[{\"@type\":\"WebPage\",\"@id\":\"https:\\\/\\\/evapieronova.sk\\\/bio\\\/\",\"url\":\"https:\\\/\\\/evapieronova.sk\\\/bio\\\/\",\"name\":\"Bio - Eva Pieronov\u00e1\",\"isPartOf\":{\"@id\":\"https:\\\/\\\/evapieronova.sk\\\/#website\"},\"primaryImageOfPage\":{\"@id\":\"https:\\\/\\\/evapieronova.sk\\\/bio\\\/#primaryimage\"},\"image\":{\"@id\":\"https:\\\/\\\/evapieronova.sk\\\/bio\\\/#primaryimage\"},\"thumbnailUrl\":\"https:\\\/\\\/evapieronova.sk\\\/wp-content\\\/uploads\\\/2024\\\/09\\\/white-e1727632077748-1024x573.jpg\",\"datePublished\":\"2024-09-30T17:25:08+00:00\",\"dateModified\":\"2025-03-17T11:45:27+00:00\",\"breadcrumb\":{\"@id\":\"https:\\\/\\\/evapieronova.sk\\\/bio\\\/#breadcrumb\"},\"inLanguage\":\"en-US\",\"potentialAction\":[{\"@type\":\"ReadAction\",\"target\":[\"https:\\\/\\\/evapieronova.sk\\\/bio\\\/\"]}]},{\"@type\":\"ImageObject\",\"inLanguage\":\"en-US\",\"@id\":\"https:\\\/\\\/evapieronova.sk\\\/bio\\\/#primaryimage\",\"url\":\"https:\\\/\\\/evapieronova.sk\\\/wp-content\\\/uploads\\\/2024\\\/09\\\/white-e1727632077748-1024x573.jpg\",\"contentUrl\":\"https:\\\/\\\/evapieronova.sk\\\/wp-content\\\/uploads\\\/2024\\\/09\\\/white-e1727632077748-1024x573.jpg\"},{\"@type\":\"BreadcrumbList\",\"@id\":\"https:\\\/\\\/evapieronova.sk\\\/bio\\\/#breadcrumb\",\"itemListElement\":[{\"@type\":\"ListItem\",\"position\":1,\"name\":\"Home\",\"item\":\"https:\\\/\\\/evapieronova.sk\\\/\"},{\"@type\":\"ListItem\",\"position\":2,\"name\":\"Bio\"}]},{\"@type\":\"WebSite\",\"@id\":\"https:\\\/\\\/evapieronova.sk\\\/#website\",\"url\":\"https:\\\/\\\/evapieronova.sk\\\/\",\"name\":\"Eva Pieronov\u00e1\",\"description\":\"Opern\u00e1 spev\u00e1\u010dka\",\"alternateName\":\"Eva Pieronova\",\"potentialAction\":[{\"@type\":\"SearchAction\",\"target\":{\"@type\":\"EntryPoint\",\"urlTemplate\":\"https:\\\/\\\/evapieronova.sk\\\/?s={search_term_string}\"},\"query-input\":{\"@type\":\"PropertyValueSpecification\",\"valueRequired\":true,\"valueName\":\"search_term_string\"}}],\"inLanguage\":\"en-US\"}]}<\/script>\n<!-- \/ Yoast SEO plugin. -->","yoast_head_json":{"title":"Bio - Eva Pieronov\u00e1","robots":{"index":"index","follow":"follow","max-snippet":"max-snippet:-1","max-image-preview":"max-image-preview:large","max-video-preview":"max-video-preview:-1"},"canonical":"https:\/\/evapieronova.sk\/en\/bio\/","og_locale":"en_US","og_type":"article","og_title":"Bio - Eva Pieronov\u00e1","og_description":"Eva Pieronov\u00e1 je opern\u00e1 spev\u00e1\u010dka, ktor\u00e1 mala to \u0161\u0165astie rozv\u00edja\u0165 svoj hlas a v\u00e1\u0161e\u0148 pre operu na umeleck\u00fdch \u0161kol\u00e1ch v \u017diline, Banskej Bystrici a vo Viedni. Spev pre \u0148u nie je len povolan\u00edm, ale aj \u017eivotn\u00fdm poslan\u00edm. Rod\u00e1\u010dka zo \u017diliny mala po\u010das svojich \u0161t\u00fadi\u00ed mo\u017enos\u0165 pracova\u0165 s v\u00fdnimo\u010dn\u00fdmi pedag\u00f3gmi, ktor\u00ed ju sprev\u00e1dzali na ceste k [&hellip;]","og_url":"https:\/\/evapieronova.sk\/en\/bio\/","og_site_name":"Eva Pieronov\u00e1","article_modified_time":"2025-03-17T11:45:27+00:00","og_image":[{"width":1200,"height":672,"url":"https:\/\/evapieronova.sk\/wp-content\/uploads\/2024\/09\/white-e1727632077748.jpg","type":"image\/jpeg"}],"twitter_card":"summary_large_image","twitter_misc":{"Est. reading time":"2 minutes"},"schema":{"@context":"https:\/\/schema.org","@graph":[{"@type":"WebPage","@id":"https:\/\/evapieronova.sk\/bio\/","url":"https:\/\/evapieronova.sk\/bio\/","name":"Bio - Eva Pieronov\u00e1","isPartOf":{"@id":"https:\/\/evapieronova.sk\/#website"},"primaryImageOfPage":{"@id":"https:\/\/evapieronova.sk\/bio\/#primaryimage"},"image":{"@id":"https:\/\/evapieronova.sk\/bio\/#primaryimage"},"thumbnailUrl":"https:\/\/evapieronova.sk\/wp-content\/uploads\/2024\/09\/white-e1727632077748-1024x573.jpg","datePublished":"2024-09-30T17:25:08+00:00","dateModified":"2025-03-17T11:45:27+00:00","breadcrumb":{"@id":"https:\/\/evapieronova.sk\/bio\/#breadcrumb"},"inLanguage":"en-US","potentialAction":[{"@type":"ReadAction","target":["https:\/\/evapieronova.sk\/bio\/"]}]},{"@type":"ImageObject","inLanguage":"en-US","@id":"https:\/\/evapieronova.sk\/bio\/#primaryimage","url":"https:\/\/evapieronova.sk\/wp-content\/uploads\/2024\/09\/white-e1727632077748-1024x573.jpg","contentUrl":"https:\/\/evapieronova.sk\/wp-content\/uploads\/2024\/09\/white-e1727632077748-1024x573.jpg"},{"@type":"BreadcrumbList","@id":"https:\/\/evapieronova.sk\/bio\/#breadcrumb","itemListElement":[{"@type":"ListItem","position":1,"name":"Home","item":"https:\/\/evapieronova.sk\/"},{"@type":"ListItem","position":2,"name":"Bio"}]},{"@type":"WebSite","@id":"https:\/\/evapieronova.sk\/#website","url":"https:\/\/evapieronova.sk\/","name":"Eva Pieronov\u00e1","description":"Opern\u00e1 spev\u00e1\u010dka","alternateName":"Eva Pieronova","potentialAction":[{"@type":"SearchAction","target":{"@type":"EntryPoint","urlTemplate":"https:\/\/evapieronova.sk\/?s={search_term_string}"},"query-input":{"@type":"PropertyValueSpecification","valueRequired":true,"valueName":"search_term_string"}}],"inLanguage":"en-US"}]}},"jetpack_sharing_enabled":true,"_links":{"self":[{"href":"https:\/\/evapieronova.sk\/en\/wp-json\/wp\/v2\/pages\/117","targetHints":{"allow":["GET"]}}],"collection":[{"href":"https:\/\/evapieronova.sk\/en\/wp-json\/wp\/v2\/pages"}],"about":[{"href":"https:\/\/evapieronova.sk\/en\/wp-json\/wp\/v2\/types\/page"}],"author":[{"embeddable":true,"href":"https:\/\/evapieronova.sk\/en\/wp-json\/wp\/v2\/users\/1"}],"replies":[{"embeddable":true,"href":"https:\/\/evapieronova.sk\/en\/wp-json\/wp\/v2\/comments?post=117"}],"version-history":[{"count":5,"href":"https:\/\/evapieronova.sk\/en\/wp-json\/wp\/v2\/pages\/117\/revisions"}],"predecessor-version":[{"id":367,"href":"https:\/\/evapieronova.sk\/en\/wp-json\/wp\/v2\/pages\/117\/revisions\/367"}],"wp:attachment":[{"href":"https:\/\/evapieronova.sk\/en\/wp-json\/wp\/v2\/media?parent=117"}],"curies":[{"name":"wp","href":"https:\/\/api.w.org\/{rel}","templated":true}]}}