{"id":3,"date":"2024-09-29T18:10:59","date_gmt":"2024-09-29T16:10:59","guid":{"rendered":"https:\/\/evapieronova.sk\/?page_id=3"},"modified":"2025-02-02T18:48:25","modified_gmt":"2025-02-02T17:48:25","slug":"ochrana-sukromia","status":"publish","type":"page","link":"https:\/\/evapieronova.sk\/en\/ochrana-sukromia\/","title":{"rendered":"Z\u00e1sady ochrany osobn\u00fdch \u00fadajov"},"content":{"rendered":"<h2 class=\"wp-block-heading\">Who we are<\/h2>\n\n\n\n<p>Our website address is: https:\/\/evapieronova.sk.<\/p>\n\n\n\n<h2 class=\"wp-block-heading\">Embedded content from other websites<\/h2>\n\n\n\n<p>Articles on this website may include embedded content (e.g., videos, images, articles, etc.). Embedded content from other websites behaves in the same way as if the visitor had visited the other website directly.<\/p>\n\n\n\n<p>These websites may collect personal data about you, use cookies, embed third-party tracking, and monitor your interaction with the embedded content, including tracking your interaction with the embedded content if you have an account and are logged in on that website.<\/p>\n\n\n\n<p><\/p>","protected":false},"excerpt":{"rendered":"<p>Kto sme Adresa na\u0161ej webovej str\u00e1nky je: https:\/\/evapieronova.sk. Vlo\u017een\u00fd obsah z in\u00fdch webov\u00fdch str\u00e1nok \u010cl\u00e1nky na tejto webovej str\u00e1nke m\u00f4\u017eu obsahova\u0165 vlo\u017een\u00fd obsah (napr. vide\u00e1, obr\u00e1zky, \u010dl\u00e1nky a podobne). Vlo\u017een\u00fd obsah z in\u00fdch str\u00e1nok sa chov\u00e1 rovnako, akoby n\u00e1v\u0161tevn\u00edk nav\u0161t\u00edvil in\u00fa webov\u00fa str\u00e1nku. Tieto webov\u00e9 str\u00e1nky m\u00f4\u017eu o v\u00e1s zbiera\u0165 osobn\u00e9 \u00fadaje, pou\u017e\u00edva\u0165 s\u00fabory cookies, [&hellip;]<\/p>\n","protected":false},"author":1,"featured_media":0,"parent":0,"menu_order":0,"comment_status":"closed","ping_status":"open","template":"","meta":{"_monsterinsights_skip_tracking":false,"_monsterinsights_sitenote_active":false,"_monsterinsights_sitenote_note":"","_monsterinsights_sitenote_category":0,"footnotes":""},"class_list":["post-3","page","type-page","status-publish","hentry"],"yoast_head":"<!-- This site is optimized with the Yoast SEO plugin v27.4 - https:\/\/yoast.com\/product\/yoast-seo-wordpress\/ -->\n<title>Z\u00e1sady ochrany osobn\u00fdch \u00fadajov - Eva Pieronov\u00e1<\/title>\n<meta name=\"robots\" content=\"index, follow, max-snippet:-1, max-image-preview:large, max-video-preview:-1\" \/>\n<link rel=\"canonical\" href=\"https:\/\/evapieronova.sk\/en\/ochrana-sukromia\/\" \/>\n<meta property=\"og:locale\" content=\"en_US\" \/>\n<meta property=\"og:type\" content=\"article\" \/>\n<meta property=\"og:title\" content=\"Z\u00e1sady ochrany osobn\u00fdch \u00fadajov - Eva Pieronov\u00e1\" \/>\n<meta property=\"og:description\" content=\"Kto sme Adresa na\u0161ej webovej str\u00e1nky je: https:\/\/evapieronova.sk. Vlo\u017een\u00fd obsah z in\u00fdch webov\u00fdch str\u00e1nok \u010cl\u00e1nky na tejto webovej str\u00e1nke m\u00f4\u017eu obsahova\u0165 vlo\u017een\u00fd obsah (napr. vide\u00e1, obr\u00e1zky, \u010dl\u00e1nky a podobne). Vlo\u017een\u00fd obsah z in\u00fdch str\u00e1nok sa chov\u00e1 rovnako, akoby n\u00e1v\u0161tevn\u00edk nav\u0161t\u00edvil in\u00fa webov\u00fa str\u00e1nku. Tieto webov\u00e9 str\u00e1nky m\u00f4\u017eu o v\u00e1s zbiera\u0165 osobn\u00e9 \u00fadaje, pou\u017e\u00edva\u0165 s\u00fabory cookies, [&hellip;]\" \/>\n<meta property=\"og:url\" content=\"https:\/\/evapieronova.sk\/en\/ochrana-sukromia\/\" \/>\n<meta property=\"og:site_name\" content=\"Eva Pieronov\u00e1\" \/>\n<meta property=\"article:modified_time\" content=\"2025-02-02T17:48:25+00:00\" \/>\n<meta property=\"og:image\" content=\"https:\/\/evapieronova.sk\/wp-content\/uploads\/2024\/10\/DSC00994-Edit-scaled-e1727893799301.jpg\" \/>\n\t<meta property=\"og:image:width\" content=\"2560\" \/>\n\t<meta property=\"og:image:height\" content=\"1723\" \/>\n\t<meta property=\"og:image:type\" content=\"image\/jpeg\" \/>\n<meta name=\"twitter:card\" content=\"summary_large_image\" \/>\n<meta name=\"twitter:label1\" content=\"Est. reading time\" \/>\n\t<meta name=\"twitter:data1\" content=\"1 minute\" \/>\n<script type=\"application\/ld+json\" class=\"yoast-schema-graph\">{\"@context\":\"https:\\\/\\\/schema.org\",\"@graph\":[{\"@type\":\"WebPage\",\"@id\":\"https:\\\/\\\/evapieronova.sk\\\/ochrana-sukromia\\\/\",\"url\":\"https:\\\/\\\/evapieronova.sk\\\/ochrana-sukromia\\\/\",\"name\":\"Z\u00e1sady ochrany osobn\u00fdch \u00fadajov - Eva Pieronov\u00e1\",\"isPartOf\":{\"@id\":\"https:\\\/\\\/evapieronova.sk\\\/#website\"},\"datePublished\":\"2024-09-29T16:10:59+00:00\",\"dateModified\":\"2025-02-02T17:48:25+00:00\",\"breadcrumb\":{\"@id\":\"https:\\\/\\\/evapieronova.sk\\\/ochrana-sukromia\\\/#breadcrumb\"},\"inLanguage\":\"en-US\",\"potentialAction\":[{\"@type\":\"ReadAction\",\"target\":[\"https:\\\/\\\/evapieronova.sk\\\/ochrana-sukromia\\\/\"]}]},{\"@type\":\"BreadcrumbList\",\"@id\":\"https:\\\/\\\/evapieronova.sk\\\/ochrana-sukromia\\\/#breadcrumb\",\"itemListElement\":[{\"@type\":\"ListItem\",\"position\":1,\"name\":\"Home\",\"item\":\"https:\\\/\\\/evapieronova.sk\\\/\"},{\"@type\":\"ListItem\",\"position\":2,\"name\":\"Z\u00e1sady ochrany osobn\u00fdch \u00fadajov\"}]},{\"@type\":\"WebSite\",\"@id\":\"https:\\\/\\\/evapieronova.sk\\\/#website\",\"url\":\"https:\\\/\\\/evapieronova.sk\\\/\",\"name\":\"Eva Pieronov\u00e1\",\"description\":\"Opern\u00e1 spev\u00e1\u010dka\",\"alternateName\":\"Eva Pieronova\",\"potentialAction\":[{\"@type\":\"SearchAction\",\"target\":{\"@type\":\"EntryPoint\",\"urlTemplate\":\"https:\\\/\\\/evapieronova.sk\\\/?s={search_term_string}\"},\"query-input\":{\"@type\":\"PropertyValueSpecification\",\"valueRequired\":true,\"valueName\":\"search_term_string\"}}],\"inLanguage\":\"en-US\"}]}<\/script>\n<!-- \/ Yoast SEO plugin. -->","yoast_head_json":{"title":"Z\u00e1sady ochrany osobn\u00fdch \u00fadajov - Eva Pieronov\u00e1","robots":{"index":"index","follow":"follow","max-snippet":"max-snippet:-1","max-image-preview":"max-image-preview:large","max-video-preview":"max-video-preview:-1"},"canonical":"https:\/\/evapieronova.sk\/en\/ochrana-sukromia\/","og_locale":"en_US","og_type":"article","og_title":"Z\u00e1sady ochrany osobn\u00fdch \u00fadajov - Eva Pieronov\u00e1","og_description":"Kto sme Adresa na\u0161ej webovej str\u00e1nky je: https:\/\/evapieronova.sk. Vlo\u017een\u00fd obsah z in\u00fdch webov\u00fdch str\u00e1nok \u010cl\u00e1nky na tejto webovej str\u00e1nke m\u00f4\u017eu obsahova\u0165 vlo\u017een\u00fd obsah (napr. vide\u00e1, obr\u00e1zky, \u010dl\u00e1nky a podobne). Vlo\u017een\u00fd obsah z in\u00fdch str\u00e1nok sa chov\u00e1 rovnako, akoby n\u00e1v\u0161tevn\u00edk nav\u0161t\u00edvil in\u00fa webov\u00fa str\u00e1nku. Tieto webov\u00e9 str\u00e1nky m\u00f4\u017eu o v\u00e1s zbiera\u0165 osobn\u00e9 \u00fadaje, pou\u017e\u00edva\u0165 s\u00fabory cookies, [&hellip;]","og_url":"https:\/\/evapieronova.sk\/en\/ochrana-sukromia\/","og_site_name":"Eva Pieronov\u00e1","article_modified_time":"2025-02-02T17:48:25+00:00","og_image":[{"width":2560,"height":1723,"url":"https:\/\/evapieronova.sk\/wp-content\/uploads\/2024\/10\/DSC00994-Edit-scaled-e1727893799301.jpg","type":"image\/jpeg"}],"twitter_card":"summary_large_image","twitter_misc":{"Est. reading time":"1 minute"},"schema":{"@context":"https:\/\/schema.org","@graph":[{"@type":"WebPage","@id":"https:\/\/evapieronova.sk\/ochrana-sukromia\/","url":"https:\/\/evapieronova.sk\/ochrana-sukromia\/","name":"Z\u00e1sady ochrany osobn\u00fdch \u00fadajov - Eva Pieronov\u00e1","isPartOf":{"@id":"https:\/\/evapieronova.sk\/#website"},"datePublished":"2024-09-29T16:10:59+00:00","dateModified":"2025-02-02T17:48:25+00:00","breadcrumb":{"@id":"https:\/\/evapieronova.sk\/ochrana-sukromia\/#breadcrumb"},"inLanguage":"en-US","potentialAction":[{"@type":"ReadAction","target":["https:\/\/evapieronova.sk\/ochrana-sukromia\/"]}]},{"@type":"BreadcrumbList","@id":"https:\/\/evapieronova.sk\/ochrana-sukromia\/#breadcrumb","itemListElement":[{"@type":"ListItem","position":1,"name":"Home","item":"https:\/\/evapieronova.sk\/"},{"@type":"ListItem","position":2,"name":"Z\u00e1sady ochrany osobn\u00fdch \u00fadajov"}]},{"@type":"WebSite","@id":"https:\/\/evapieronova.sk\/#website","url":"https:\/\/evapieronova.sk\/","name":"Eva Pieronov\u00e1","description":"Opern\u00e1 spev\u00e1\u010dka","alternateName":"Eva Pieronova","potentialAction":[{"@type":"SearchAction","target":{"@type":"EntryPoint","urlTemplate":"https:\/\/evapieronova.sk\/?s={search_term_string}"},"query-input":{"@type":"PropertyValueSpecification","valueRequired":true,"valueName":"search_term_string"}}],"inLanguage":"en-US"}]}},"jetpack_sharing_enabled":true,"_links":{"self":[{"href":"https:\/\/evapieronova.sk\/en\/wp-json\/wp\/v2\/pages\/3","targetHints":{"allow":["GET"]}}],"collection":[{"href":"https:\/\/evapieronova.sk\/en\/wp-json\/wp\/v2\/pages"}],"about":[{"href":"https:\/\/evapieronova.sk\/en\/wp-json\/wp\/v2\/types\/page"}],"author":[{"embeddable":true,"href":"https:\/\/evapieronova.sk\/en\/wp-json\/wp\/v2\/users\/1"}],"replies":[{"embeddable":true,"href":"https:\/\/evapieronova.sk\/en\/wp-json\/wp\/v2\/comments?post=3"}],"version-history":[{"count":2,"href":"https:\/\/evapieronova.sk\/en\/wp-json\/wp\/v2\/pages\/3\/revisions"}],"predecessor-version":[{"id":314,"href":"https:\/\/evapieronova.sk\/en\/wp-json\/wp\/v2\/pages\/3\/revisions\/314"}],"wp:attachment":[{"href":"https:\/\/evapieronova.sk\/en\/wp-json\/wp\/v2\/media?parent=3"}],"curies":[{"name":"wp","href":"https:\/\/api.w.org\/{rel}","templated":true}]}}