{"id":64,"date":"2024-09-29T21:44:41","date_gmt":"2024-09-29T19:44:41","guid":{"rendered":"https:\/\/evapieronova.sk\/?page_id=64"},"modified":"2025-02-02T13:49:18","modified_gmt":"2025-02-02T12:49:18","slug":"kontakt","status":"publish","type":"page","link":"https:\/\/evapieronova.sk\/en\/kontakt\/","title":{"rendered":"Contact"},"content":{"rendered":"<p><strong>Eva Pieronov\u00e1<\/strong><br>info@evapieronova.sk<\/p>","protected":false},"excerpt":{"rendered":"<p>Eva Pieronov\u00e1info@evapieronova.sk<\/p>","protected":false},"author":1,"featured_media":0,"parent":0,"menu_order":0,"comment_status":"closed","ping_status":"closed","template":"","meta":{"_monsterinsights_skip_tracking":false,"_monsterinsights_sitenote_active":false,"_monsterinsights_sitenote_note":"","_monsterinsights_sitenote_category":0,"footnotes":""},"class_list":["post-64","page","type-page","status-publish","hentry"],"yoast_head":"<!-- This site is optimized with the Yoast SEO plugin v27.4 - https:\/\/yoast.com\/product\/yoast-seo-wordpress\/ -->\n<title>Kontakt - Eva Pieronov\u00e1<\/title>\n<meta name=\"robots\" content=\"index, follow, max-snippet:-1, max-image-preview:large, max-video-preview:-1\" \/>\n<link rel=\"canonical\" href=\"https:\/\/evapieronova.sk\/en\/kontakt\/\" \/>\n<meta property=\"og:locale\" content=\"en_US\" \/>\n<meta property=\"og:type\" content=\"article\" \/>\n<meta property=\"og:title\" content=\"Kontakt - Eva Pieronov\u00e1\" \/>\n<meta property=\"og:description\" content=\"Eva Pieronov\u00e1info@evapieronova.sk\" \/>\n<meta property=\"og:url\" content=\"https:\/\/evapieronova.sk\/en\/kontakt\/\" \/>\n<meta property=\"og:site_name\" content=\"Eva Pieronov\u00e1\" \/>\n<meta property=\"article:modified_time\" content=\"2025-02-02T12:49:18+00:00\" \/>\n<meta property=\"og:image\" content=\"https:\/\/evapieronova.sk\/wp-content\/uploads\/2024\/10\/DSC00994-Edit-scaled-e1727893799301.jpg\" \/>\n\t<meta property=\"og:image:width\" content=\"2560\" \/>\n\t<meta property=\"og:image:height\" content=\"1723\" \/>\n\t<meta property=\"og:image:type\" content=\"image\/jpeg\" \/>\n<meta name=\"twitter:card\" content=\"summary_large_image\" \/>\n<meta name=\"twitter:label1\" content=\"Est. reading time\" \/>\n\t<meta name=\"twitter:data1\" content=\"1 minute\" \/>\n<script type=\"application\/ld+json\" class=\"yoast-schema-graph\">{\"@context\":\"https:\\\/\\\/schema.org\",\"@graph\":[{\"@type\":\"WebPage\",\"@id\":\"https:\\\/\\\/evapieronova.sk\\\/kontakt\\\/\",\"url\":\"https:\\\/\\\/evapieronova.sk\\\/kontakt\\\/\",\"name\":\"Kontakt - Eva Pieronov\u00e1\",\"isPartOf\":{\"@id\":\"https:\\\/\\\/evapieronova.sk\\\/#website\"},\"datePublished\":\"2024-09-29T19:44:41+00:00\",\"dateModified\":\"2025-02-02T12:49:18+00:00\",\"breadcrumb\":{\"@id\":\"https:\\\/\\\/evapieronova.sk\\\/kontakt\\\/#breadcrumb\"},\"inLanguage\":\"en-US\",\"potentialAction\":[{\"@type\":\"ReadAction\",\"target\":[\"https:\\\/\\\/evapieronova.sk\\\/kontakt\\\/\"]}]},{\"@type\":\"BreadcrumbList\",\"@id\":\"https:\\\/\\\/evapieronova.sk\\\/kontakt\\\/#breadcrumb\",\"itemListElement\":[{\"@type\":\"ListItem\",\"position\":1,\"name\":\"Home\",\"item\":\"https:\\\/\\\/evapieronova.sk\\\/\"},{\"@type\":\"ListItem\",\"position\":2,\"name\":\"Kontakt\"}]},{\"@type\":\"WebSite\",\"@id\":\"https:\\\/\\\/evapieronova.sk\\\/#website\",\"url\":\"https:\\\/\\\/evapieronova.sk\\\/\",\"name\":\"Eva Pieronov\u00e1\",\"description\":\"Opern\u00e1 spev\u00e1\u010dka\",\"alternateName\":\"Eva Pieronova\",\"potentialAction\":[{\"@type\":\"SearchAction\",\"target\":{\"@type\":\"EntryPoint\",\"urlTemplate\":\"https:\\\/\\\/evapieronova.sk\\\/?s={search_term_string}\"},\"query-input\":{\"@type\":\"PropertyValueSpecification\",\"valueRequired\":true,\"valueName\":\"search_term_string\"}}],\"inLanguage\":\"en-US\"}]}<\/script>\n<!-- \/ Yoast SEO plugin. -->","yoast_head_json":{"title":"Kontakt - Eva Pieronov\u00e1","robots":{"index":"index","follow":"follow","max-snippet":"max-snippet:-1","max-image-preview":"max-image-preview:large","max-video-preview":"max-video-preview:-1"},"canonical":"https:\/\/evapieronova.sk\/en\/kontakt\/","og_locale":"en_US","og_type":"article","og_title":"Kontakt - Eva Pieronov\u00e1","og_description":"Eva Pieronov\u00e1info@evapieronova.sk","og_url":"https:\/\/evapieronova.sk\/en\/kontakt\/","og_site_name":"Eva Pieronov\u00e1","article_modified_time":"2025-02-02T12:49:18+00:00","og_image":[{"width":2560,"height":1723,"url":"https:\/\/evapieronova.sk\/wp-content\/uploads\/2024\/10\/DSC00994-Edit-scaled-e1727893799301.jpg","type":"image\/jpeg"}],"twitter_card":"summary_large_image","twitter_misc":{"Est. reading time":"1 minute"},"schema":{"@context":"https:\/\/schema.org","@graph":[{"@type":"WebPage","@id":"https:\/\/evapieronova.sk\/kontakt\/","url":"https:\/\/evapieronova.sk\/kontakt\/","name":"Kontakt - Eva Pieronov\u00e1","isPartOf":{"@id":"https:\/\/evapieronova.sk\/#website"},"datePublished":"2024-09-29T19:44:41+00:00","dateModified":"2025-02-02T12:49:18+00:00","breadcrumb":{"@id":"https:\/\/evapieronova.sk\/kontakt\/#breadcrumb"},"inLanguage":"en-US","potentialAction":[{"@type":"ReadAction","target":["https:\/\/evapieronova.sk\/kontakt\/"]}]},{"@type":"BreadcrumbList","@id":"https:\/\/evapieronova.sk\/kontakt\/#breadcrumb","itemListElement":[{"@type":"ListItem","position":1,"name":"Home","item":"https:\/\/evapieronova.sk\/"},{"@type":"ListItem","position":2,"name":"Kontakt"}]},{"@type":"WebSite","@id":"https:\/\/evapieronova.sk\/#website","url":"https:\/\/evapieronova.sk\/","name":"Eva Pieronov\u00e1","description":"Opern\u00e1 spev\u00e1\u010dka","alternateName":"Eva Pieronova","potentialAction":[{"@type":"SearchAction","target":{"@type":"EntryPoint","urlTemplate":"https:\/\/evapieronova.sk\/?s={search_term_string}"},"query-input":{"@type":"PropertyValueSpecification","valueRequired":true,"valueName":"search_term_string"}}],"inLanguage":"en-US"}]}},"jetpack_sharing_enabled":true,"_links":{"self":[{"href":"https:\/\/evapieronova.sk\/en\/wp-json\/wp\/v2\/pages\/64","targetHints":{"allow":["GET"]}}],"collection":[{"href":"https:\/\/evapieronova.sk\/en\/wp-json\/wp\/v2\/pages"}],"about":[{"href":"https:\/\/evapieronova.sk\/en\/wp-json\/wp\/v2\/types\/page"}],"author":[{"embeddable":true,"href":"https:\/\/evapieronova.sk\/en\/wp-json\/wp\/v2\/users\/1"}],"replies":[{"embeddable":true,"href":"https:\/\/evapieronova.sk\/en\/wp-json\/wp\/v2\/comments?post=64"}],"version-history":[{"count":4,"href":"https:\/\/evapieronova.sk\/en\/wp-json\/wp\/v2\/pages\/64\/revisions"}],"predecessor-version":[{"id":309,"href":"https:\/\/evapieronova.sk\/en\/wp-json\/wp\/v2\/pages\/64\/revisions\/309"}],"wp:attachment":[{"href":"https:\/\/evapieronova.sk\/en\/wp-json\/wp\/v2\/media?parent=64"}],"curies":[{"name":"wp","href":"https:\/\/api.w.org\/{rel}","templated":true}]}}